{"id":354,"date":"2024-09-18T14:41:28","date_gmt":"2024-09-18T19:41:28","guid":{"rendered":"https:\/\/piratasgunclub.com\/?page_id=354"},"modified":"2024-10-23T11:02:21","modified_gmt":"2024-10-23T16:02:21","slug":"about","status":"publish","type":"page","link":"https:\/\/piratasgunclub.com\/es\/about\/","title":{"rendered":"Quienes Somos"},"content":{"rendered":"<div data-elementor-type=\"wp-page\" data-elementor-id=\"354\" class=\"elementor elementor-354\" data-elementor-post-type=\"page\">\n\t\t\t\t<div class=\"elementor-element elementor-element-3fe26b5 e-con-full e-flex e-con e-parent\" data-id=\"3fe26b5\" data-element_type=\"container\">\n\t\t\t\t<div class=\"elementor-element elementor-element-6a5ceab elementor-widget elementor-widget-image\" data-id=\"6a5ceab\" data-element_type=\"widget\" data-widget_type=\"image.default\">\n\t\t\t\t<div class=\"elementor-widget-container\">\n\t\t\t\t\t\t\t\t\t\t\t\t\t<img fetchpriority=\"high\" decoding=\"async\" width=\"2560\" height=\"1180\" src=\"https:\/\/piratasgunclub.com\/wp-content\/uploads\/2024\/09\/papaehijo_2-scaled.jpg\" class=\"attachment-full size-full wp-image-358\" alt=\"\" srcset=\"https:\/\/piratasgunclub.com\/wp-content\/uploads\/2024\/09\/papaehijo_2-scaled.jpg 2560w, https:\/\/piratasgunclub.com\/wp-content\/uploads\/2024\/09\/papaehijo_2-300x138.jpg 300w, https:\/\/piratasgunclub.com\/wp-content\/uploads\/2024\/09\/papaehijo_2-1024x472.jpg 1024w, https:\/\/piratasgunclub.com\/wp-content\/uploads\/2024\/09\/papaehijo_2-768x354.jpg 768w, https:\/\/piratasgunclub.com\/wp-content\/uploads\/2024\/09\/papaehijo_2-1536x708.jpg 1536w, https:\/\/piratasgunclub.com\/wp-content\/uploads\/2024\/09\/papaehijo_2-2048x944.jpg 2048w\" sizes=\"(max-width: 2560px) 100vw, 2560px\" \/>\t\t\t\t\t\t\t\t\t\t\t\t\t<\/div>\n\t\t\t\t<\/div>\n\t\t\t\t<\/div>\n\t\t<div class=\"elementor-element elementor-element-bdcbf71 e-flex e-con-boxed e-con e-parent\" data-id=\"bdcbf71\" data-element_type=\"container\">\n\t\t\t\t\t<div class=\"e-con-inner\">\n\t\t\t\t<div class=\"elementor-element elementor-element-8f5443b elementor-widget elementor-widget-spacer\" data-id=\"8f5443b\" data-element_type=\"widget\" data-widget_type=\"spacer.default\">\n\t\t\t\t<div class=\"elementor-widget-container\">\n\t\t\t\t\t<div class=\"elementor-spacer\">\n\t\t\t<div class=\"elementor-spacer-inner\"><\/div>\n\t\t<\/div>\n\t\t\t\t<\/div>\n\t\t\t\t<\/div>\n\t\t\t\t\t<\/div>\n\t\t\t\t<\/div>\n\t\t<div class=\"elementor-element elementor-element-8e61d43 e-flex e-con-boxed e-con e-parent\" data-id=\"8e61d43\" data-element_type=\"container\">\n\t\t\t\t\t<div class=\"e-con-inner\">\n\t\t<div class=\"elementor-element elementor-element-690b644 e-con-full e-flex e-con e-child\" data-id=\"690b644\" data-element_type=\"container\">\n\t\t\t\t<div class=\"elementor-element elementor-element-33ac774 elementor-widget elementor-widget-heading\" data-id=\"33ac774\" data-element_type=\"widget\" data-widget_type=\"heading.default\">\n\t\t\t\t<div class=\"elementor-widget-container\">\n\t\t\t<h2 class=\"elementor-heading-title elementor-size-default\">Bienvenido a Los Piratas Gun Club, un negocio operado y de propiedad familiar ubicado en el hermoso pueblo de Quebradillas, Puerto Rico. Nuestra misi\u00f3n es simple: convertirnos en el club de tiro l\u00edder y m\u00e1s moderno de Puerto Rico, brindando instalaciones y comodidades de \u00faltima generaci\u00f3n para el uso seguro y placentero de todos nuestros miembros y visitantes.<\/h2>\t\t<\/div>\n\t\t\t\t<\/div>\n\t\t\t\t<div class=\"elementor-element elementor-element-89362c0 elementor-widget elementor-widget-heading\" data-id=\"89362c0\" data-element_type=\"widget\" data-widget_type=\"heading.default\">\n\t\t\t\t<div class=\"elementor-widget-container\">\n\t\t\t<h2 class=\"elementor-heading-title elementor-size-default\">Sr. Hauger Martin, un \u00e1vido cazador y tirador profesional con m\u00e1s de 35 a\u00f1os de experiencia en el manejo de armas de fuego, Los Piratas Gun Club es un lugar donde se unen la seguridad, la experiencia y la pasi\u00f3n por el tiro. La dedicaci\u00f3n de Hauger a la excelencia tanto en la caza como en la gesti\u00f3n de armas de fuego ha dado forma a la visi\u00f3n del club, que se centra en ofrecer una experiencia de primer nivel para todos los que cruzan nuestras puertas.\n<\/h2>\t\t<\/div>\n\t\t\t\t<\/div>\n\t\t\t\t<div class=\"elementor-element elementor-element-b0168e9 elementor-widget elementor-widget-heading\" data-id=\"b0168e9\" data-element_type=\"widget\" data-widget_type=\"heading.default\">\n\t\t\t\t<div class=\"elementor-widget-container\">\n\t\t\t<h2 class=\"elementor-heading-title elementor-size-default\">En Los Piratas Gun Club, nos enorgullecemos de nuestro enfoque moderno en el entrenamiento con armas de fuego y los deportes de tiro. Nuestras instalaciones recientemente mejoradas incluyen campos de tiro con dos armas, dise\u00f1ados para acomodar una amplia variedad de armas de fuego, y una arena de skeet de \u00faltima generaci\u00f3n para pr\u00e1cticas y torneos. Adem\u00e1s de los campos de tiro, ofrecemos una variedad de cursos sobre armas de fuego, desde seguridad y manejo b\u00e1sicos hasta capacitaci\u00f3n m\u00e1s avanzada, garantizando que cada miembro e invitado tenga acceso a instrucci\u00f3n experta.<\/h2>\t\t<\/div>\n\t\t\t\t<\/div>\n\t\t\t\t<\/div>\n\t\t<div class=\"elementor-element elementor-element-ec69221 e-con-full e-flex e-con e-child\" data-id=\"ec69221\" data-element_type=\"container\">\n\t\t\t\t<div class=\"elementor-element elementor-element-d244e9e elementor-widget elementor-widget-image\" data-id=\"d244e9e\" data-element_type=\"widget\" data-widget_type=\"image.default\">\n\t\t\t\t<div class=\"elementor-widget-container\">\n\t\t\t\t\t\t\t\t\t\t\t\t\t<img decoding=\"async\" width=\"1536\" height=\"2048\" src=\"https:\/\/piratasgunclub.com\/wp-content\/uploads\/2024\/09\/about_3.jpg\" class=\"attachment-full size-full wp-image-359\" alt=\"\" srcset=\"https:\/\/piratasgunclub.com\/wp-content\/uploads\/2024\/09\/about_3.jpg 1536w, https:\/\/piratasgunclub.com\/wp-content\/uploads\/2024\/09\/about_3-225x300.jpg 225w, https:\/\/piratasgunclub.com\/wp-content\/uploads\/2024\/09\/about_3-768x1024.jpg 768w, https:\/\/piratasgunclub.com\/wp-content\/uploads\/2024\/09\/about_3-1152x1536.jpg 1152w\" sizes=\"(max-width: 1536px) 100vw, 1536px\" \/>\t\t\t\t\t\t\t\t\t\t\t\t\t<\/div>\n\t\t\t\t<\/div>\n\t\t\t\t<\/div>\n\t\t\t\t\t<\/div>\n\t\t\t\t<\/div>\n\t\t<div class=\"elementor-element elementor-element-ed0ef15 e-flex e-con-boxed e-con e-parent\" data-id=\"ed0ef15\" data-element_type=\"container\">\n\t\t\t\t\t<div class=\"e-con-inner\">\n\t\t\t\t<div class=\"elementor-element elementor-element-24e5e44 elementor-widget elementor-widget-spacer\" data-id=\"24e5e44\" data-element_type=\"widget\" data-widget_type=\"spacer.default\">\n\t\t\t\t<div class=\"elementor-widget-container\">\n\t\t\t\t\t<div class=\"elementor-spacer\">\n\t\t\t<div class=\"elementor-spacer-inner\"><\/div>\n\t\t<\/div>\n\t\t\t\t<\/div>\n\t\t\t\t<\/div>\n\t\t\t\t\t<\/div>\n\t\t\t\t<\/div>\n\t\t<div class=\"elementor-element elementor-element-98713ab e-flex e-con-boxed e-con e-parent\" data-id=\"98713ab\" data-element_type=\"container\">\n\t\t\t\t\t<div class=\"e-con-inner\">\n\t\t<div class=\"elementor-element elementor-element-48b36ff e-con-full e-flex e-con e-child\" data-id=\"48b36ff\" data-element_type=\"container\" data-settings=\"{&quot;background_background&quot;:&quot;classic&quot;}\">\n\t\t<div class=\"elementor-element elementor-element-126ae4b e-con-full e-flex e-con e-child\" data-id=\"126ae4b\" data-element_type=\"container\">\n\t\t\t\t<div class=\"elementor-element elementor-element-02720cb elementor-widget elementor-widget-heading\" data-id=\"02720cb\" data-element_type=\"widget\" data-widget_type=\"heading.default\">\n\t\t\t\t<div class=\"elementor-widget-container\">\n\t\t\t<h2 class=\"elementor-heading-title elementor-size-default\">En 2022, Hauger Martin Sr. adquiri\u00f3 Los Piratas Gun Club y, el 15 de mayo de 2023, invit\u00f3 a su hijo a unirse a \u00e9l en la gesti\u00f3n y revitalizaci\u00f3n del club. Desde que asumi\u00f3 el papel de Administrador, Hauger Jr. ha desempe\u00f1ado un papel fundamental en la transformaci\u00f3n del club. Bajo el liderazgo de padre e hijo, Los Piratas Gun Club ha experimentado una importante modernizaci\u00f3n, incluida la restauraci\u00f3n de campos de tiro con dos armas y la adici\u00f3n de una arena de skeet de \u00faltima generaci\u00f3n. La instalaci\u00f3n ahora cuenta con diversas comodidades, como un centro de entrenamiento interior con aire acondicionado y un amplio estacionamiento, lo que la convierte en un destino de primer nivel para los entusiastas de las armas de fuego. <\/h2>\t\t<\/div>\n\t\t\t\t<\/div>\n\t\t\t\t<div class=\"elementor-element elementor-element-331d3a4 elementor-widget elementor-widget-heading\" data-id=\"331d3a4\" data-element_type=\"widget\" data-widget_type=\"heading.default\">\n\t\t\t\t<div class=\"elementor-widget-container\">\n\t\t\t<h2 class=\"elementor-heading-title elementor-size-default\">Como gerente de operaciones diarias, Hauger Jr. supervisa todo, desde cursos de manejo de armas de fuego hasta la organizaci\u00f3n de torneos de skeet, esforz\u00e1ndose siempre por elevar la reputaci\u00f3n del club. Su objetivo es posicionar a Los Piratas Gun Club como una de las instalaciones de pr\u00e1ctica y entrenamiento con armas de fuego m\u00e1s avanzadas y profesionales de Puerto Rico, con una base de miembros s\u00f3lida y dedicada.<\/h2>\t\t<\/div>\n\t\t\t\t<\/div>\n\t\t\t\t<div class=\"elementor-element elementor-element-5b09aad elementor-widget elementor-widget-spacer\" data-id=\"5b09aad\" data-element_type=\"widget\" data-widget_type=\"spacer.default\">\n\t\t\t\t<div class=\"elementor-widget-container\">\n\t\t\t\t\t<div class=\"elementor-spacer\">\n\t\t\t<div class=\"elementor-spacer-inner\"><\/div>\n\t\t<\/div>\n\t\t\t\t<\/div>\n\t\t\t\t<\/div>\n\t\t\t\t<div class=\"elementor-element elementor-element-253eac9 elementor-hidden-mobile elementor-widget elementor-widget-heading\" data-id=\"253eac9\" data-element_type=\"widget\" data-widget_type=\"heading.default\">\n\t\t\t\t<div class=\"elementor-widget-container\">\n\t\t\t<h2 class=\"elementor-heading-title elementor-size-default\"><font color=\"#C40002\">Hauger<\/font><br>\nMartin Sr.\u2019s<\/h2>\t\t<\/div>\n\t\t\t\t<\/div>\n\t\t\t\t<div class=\"elementor-element elementor-element-d695775 elementor-widget elementor-widget-spacer\" data-id=\"d695775\" data-element_type=\"widget\" data-widget_type=\"spacer.default\">\n\t\t\t\t<div class=\"elementor-widget-container\">\n\t\t\t\t\t<div class=\"elementor-spacer\">\n\t\t\t<div class=\"elementor-spacer-inner\"><\/div>\n\t\t<\/div>\n\t\t\t\t<\/div>\n\t\t\t\t<\/div>\n\t\t\t\t<\/div>\n\t\t<div class=\"elementor-element elementor-element-f313000 e-con-full e-flex e-con e-child\" data-id=\"f313000\" data-element_type=\"container\">\n\t\t\t\t<div class=\"elementor-element elementor-element-1984c27 elementor-widget elementor-widget-image\" data-id=\"1984c27\" data-element_type=\"widget\" data-widget_type=\"image.default\">\n\t\t\t\t<div class=\"elementor-widget-container\">\n\t\t\t\t\t\t\t\t\t\t\t\t\t<img decoding=\"async\" width=\"1458\" height=\"1356\" src=\"https:\/\/piratasgunclub.com\/wp-content\/uploads\/2024\/09\/Papa_about.png\" class=\"attachment-full size-full wp-image-360\" alt=\"\" srcset=\"https:\/\/piratasgunclub.com\/wp-content\/uploads\/2024\/09\/Papa_about.png 1458w, https:\/\/piratasgunclub.com\/wp-content\/uploads\/2024\/09\/Papa_about-300x279.png 300w, https:\/\/piratasgunclub.com\/wp-content\/uploads\/2024\/09\/Papa_about-1024x952.png 1024w, https:\/\/piratasgunclub.com\/wp-content\/uploads\/2024\/09\/Papa_about-768x714.png 768w\" sizes=\"(max-width: 1458px) 100vw, 1458px\" \/>\t\t\t\t\t\t\t\t\t\t\t\t\t<\/div>\n\t\t\t\t<\/div>\n\t\t\t\t<div class=\"elementor-element elementor-element-45e7e9e elementor-hidden-desktop elementor-hidden-tablet elementor-widget elementor-widget-heading\" data-id=\"45e7e9e\" data-element_type=\"widget\" data-widget_type=\"heading.default\">\n\t\t\t\t<div class=\"elementor-widget-container\">\n\t\t\t<h2 class=\"elementor-heading-title elementor-size-default\"><font color=\"#C40002\">Hauger<\/font><br>\nMartin Sr.\u2019s<\/h2>\t\t<\/div>\n\t\t\t\t<\/div>\n\t\t\t\t<\/div>\n\t\t\t\t<\/div>\n\t\t\t\t<div class=\"elementor-element elementor-element-14f9aa2 elementor-widget elementor-widget-spacer\" data-id=\"14f9aa2\" data-element_type=\"widget\" data-widget_type=\"spacer.default\">\n\t\t\t\t<div class=\"elementor-widget-container\">\n\t\t\t\t\t<div class=\"elementor-spacer\">\n\t\t\t<div class=\"elementor-spacer-inner\"><\/div>\n\t\t<\/div>\n\t\t\t\t<\/div>\n\t\t\t\t<\/div>\n\t\t\t\t<div class=\"elementor-element elementor-element-be54caf elementor-widget elementor-widget-image\" data-id=\"be54caf\" data-element_type=\"widget\" data-widget_type=\"image.default\">\n\t\t\t\t<div class=\"elementor-widget-container\">\n\t\t\t\t\t\t\t\t\t\t\t\t\t<img loading=\"lazy\" decoding=\"async\" width=\"2560\" height=\"1150\" src=\"https:\/\/piratasgunclub.com\/wp-content\/uploads\/2024\/09\/fondo_hijo_2-scaled.jpg\" class=\"attachment-full size-full wp-image-373\" alt=\"\" srcset=\"https:\/\/piratasgunclub.com\/wp-content\/uploads\/2024\/09\/fondo_hijo_2-scaled.jpg 2560w, https:\/\/piratasgunclub.com\/wp-content\/uploads\/2024\/09\/fondo_hijo_2-300x135.jpg 300w, https:\/\/piratasgunclub.com\/wp-content\/uploads\/2024\/09\/fondo_hijo_2-1024x460.jpg 1024w, https:\/\/piratasgunclub.com\/wp-content\/uploads\/2024\/09\/fondo_hijo_2-768x345.jpg 768w, https:\/\/piratasgunclub.com\/wp-content\/uploads\/2024\/09\/fondo_hijo_2-1536x690.jpg 1536w, https:\/\/piratasgunclub.com\/wp-content\/uploads\/2024\/09\/fondo_hijo_2-2048x920.jpg 2048w\" sizes=\"(max-width: 2560px) 100vw, 2560px\" \/>\t\t\t\t\t\t\t\t\t\t\t\t\t<\/div>\n\t\t\t\t<\/div>\n\t\t<div class=\"elementor-element elementor-element-8198804 e-con-full e-flex e-con e-child\" data-id=\"8198804\" data-element_type=\"container\">\n\t\t\t\t<div class=\"elementor-element elementor-element-9f9cb6f elementor-widget elementor-widget-spacer\" data-id=\"9f9cb6f\" data-element_type=\"widget\" data-widget_type=\"spacer.default\">\n\t\t\t\t<div class=\"elementor-widget-container\">\n\t\t\t\t\t<div class=\"elementor-spacer\">\n\t\t\t<div class=\"elementor-spacer-inner\"><\/div>\n\t\t<\/div>\n\t\t\t\t<\/div>\n\t\t\t\t<\/div>\n\t\t\t\t<div class=\"elementor-element elementor-element-aaa0e7a elementor-widget elementor-widget-heading\" data-id=\"aaa0e7a\" data-element_type=\"widget\" data-widget_type=\"heading.default\">\n\t\t\t\t<div class=\"elementor-widget-container\">\n\t\t\t<h2 class=\"elementor-heading-title elementor-size-default\">La pasi\u00f3n de Hauger Martin Jr. por las armas de fuego comenz\u00f3 a la edad de doce a\u00f1os, cuando aprendi\u00f3 de su padre los fundamentos de la seguridad y el manejo de las armas de fuego. Cuando ten\u00eda 14 a\u00f1os, Hauger Jr. hab\u00eda obtenido su licencia de armas de fuego de caza, lo que marc\u00f3 su entrada oficial al mundo.\nde cazar junto a su padre, Hauger Martin Sr. Su amor por el deporte y su compromiso con la seguridad solo se fortalecieron con los a\u00f1os.<\/h2>\t\t<\/div>\n\t\t\t\t<\/div>\n\t\t\t\t<div class=\"elementor-element elementor-element-0a907ed elementor-widget elementor-widget-heading\" data-id=\"0a907ed\" data-element_type=\"widget\" data-widget_type=\"heading.default\">\n\t\t\t\t<div class=\"elementor-widget-container\">\n\t\t\t<h2 class=\"elementor-heading-title elementor-size-default\">A los 21 a\u00f1os, Hauger Jr. llev\u00f3 su pasi\u00f3n al siguiente nivel y obtuvo su licencia de armas de fuego para adultos en 2021. Ese mismo a\u00f1o, se alist\u00f3 en las Fuerzas Armadas de EE. UU. Se mud\u00f3 a Fort Leonard Wood en Missouri, donde complet\u00f3 con \u00e9xito su formaci\u00f3n b\u00e1sica y se especializ\u00f3 como oficial de la Polic\u00eda Militar. Su\nSu carrera militar le proporcion\u00f3 conocimientos expertos en el manejo de una amplia gama de armas, desde armas de caza hasta armas de defensa personal y de aplicaci\u00f3n de la ley, refinando a\u00fan m\u00e1s sus habilidades en\nSeguridad de armas de fuego y uso t\u00e1ctico.<\/h2>\t\t<\/div>\n\t\t\t\t<\/div>\n\t\t\t\t<div class=\"elementor-element elementor-element-2162322 elementor-widget elementor-widget-spacer\" data-id=\"2162322\" data-element_type=\"widget\" data-widget_type=\"spacer.default\">\n\t\t\t\t<div class=\"elementor-widget-container\">\n\t\t\t\t\t<div class=\"elementor-spacer\">\n\t\t\t<div class=\"elementor-spacer-inner\"><\/div>\n\t\t<\/div>\n\t\t\t\t<\/div>\n\t\t\t\t<\/div>\n\t\t\t\t<\/div>\n\t\t\t\t\t<\/div>\n\t\t\t\t<\/div>\n\t\t\t\t<\/div>","protected":false},"excerpt":{"rendered":"<p>Welcome to Los Piratas Gun Club, a family-owned and operated business located in the beautiful town of Quebradillas, Puerto Rico. Our mission is simple: to become Puerto Rico\u2019s leading and most modern gun club, providing state-of-the-art facilities and amenities for the safe and enjoyable use of all our members and visitors. Mr. Hauger Martin, an [&hellip;]<\/p>","protected":false},"author":1,"featured_media":0,"parent":0,"menu_order":0,"comment_status":"closed","ping_status":"closed","template":"","meta":{"footnotes":""},"class_list":["post-354","page","type-page","status-publish","hentry"],"_links":{"self":[{"href":"https:\/\/piratasgunclub.com\/es\/wp-json\/wp\/v2\/pages\/354","targetHints":{"allow":["GET"]}}],"collection":[{"href":"https:\/\/piratasgunclub.com\/es\/wp-json\/wp\/v2\/pages"}],"about":[{"href":"https:\/\/piratasgunclub.com\/es\/wp-json\/wp\/v2\/types\/page"}],"author":[{"embeddable":true,"href":"https:\/\/piratasgunclub.com\/es\/wp-json\/wp\/v2\/users\/1"}],"replies":[{"embeddable":true,"href":"https:\/\/piratasgunclub.com\/es\/wp-json\/wp\/v2\/comments?post=354"}],"version-history":[{"count":29,"href":"https:\/\/piratasgunclub.com\/es\/wp-json\/wp\/v2\/pages\/354\/revisions"}],"predecessor-version":[{"id":541,"href":"https:\/\/piratasgunclub.com\/es\/wp-json\/wp\/v2\/pages\/354\/revisions\/541"}],"wp:attachment":[{"href":"https:\/\/piratasgunclub.com\/es\/wp-json\/wp\/v2\/media?parent=354"}],"curies":[{"name":"wp","href":"https:\/\/api.w.org\/{rel}","templated":true}]}}